{"id":63,"date":"2022-10-24T17:13:46","date_gmt":"2022-10-24T15:13:46","guid":{"rendered":"https:\/\/iacs-catalysis.org\/?page_id=63"},"modified":"2022-10-27T11:29:52","modified_gmt":"2022-10-27T09:29:52","slug":"members-area","status":"publish","type":"page","link":"https:\/\/iacs-catalysis.org\/?page_id=63","title":{"rendered":"MEMBERS AREA"},"content":{"rendered":"Vous devez \u00eatre connect\u00e9 pour voir ce contenu.","protected":false},"excerpt":{"rendered":"Vous devez \u00eatre connect\u00e9 pour voir ce contenu.","protected":false},"author":1,"featured_media":0,"parent":0,"menu_order":0,"comment_status":"closed","ping_status":"closed","template":"","meta":{"footnotes":""},"class_list":["post-63","page","type-page","status-publish","hentry"],"acf":[],"_links":{"self":[{"href":"https:\/\/iacs-catalysis.org\/index.php?rest_route=\/wp\/v2\/pages\/63","targetHints":{"allow":["GET"]}}],"collection":[{"href":"https:\/\/iacs-catalysis.org\/index.php?rest_route=\/wp\/v2\/pages"}],"about":[{"href":"https:\/\/iacs-catalysis.org\/index.php?rest_route=\/wp\/v2\/types\/page"}],"author":[{"embeddable":true,"href":"https:\/\/iacs-catalysis.org\/index.php?rest_route=\/wp\/v2\/users\/1"}],"replies":[{"embeddable":true,"href":"https:\/\/iacs-catalysis.org\/index.php?rest_route=%2Fwp%2Fv2%2Fcomments&post=63"}],"version-history":[{"count":7,"href":"https:\/\/iacs-catalysis.org\/index.php?rest_route=\/wp\/v2\/pages\/63\/revisions"}],"predecessor-version":[{"id":107,"href":"https:\/\/iacs-catalysis.org\/index.php?rest_route=\/wp\/v2\/pages\/63\/revisions\/107"}],"wp:attachment":[{"href":"https:\/\/iacs-catalysis.org\/index.php?rest_route=%2Fwp%2Fv2%2Fmedia&parent=63"}],"curies":[{"name":"wp","href":"https:\/\/api.w.org\/{rel}","templated":true}]}}