{"id":291,"date":"2025-01-24T10:41:11","date_gmt":"2025-01-24T09:41:11","guid":{"rendered":"https:\/\/iacs-catalysis.org\/?page_id=291"},"modified":"2026-03-26T14:27:54","modified_gmt":"2026-03-26T13:27:54","slug":"catalysis-society-members","status":"publish","type":"page","link":"https:\/\/iacs-catalysis.org\/?page_id=291","title":{"rendered":"Catalysis Society Members"},"content":{"rendered":"\n<figure class=\"wp-block-image size-large\"><img loading=\"lazy\" decoding=\"async\" width=\"1024\" height=\"515\" src=\"https:\/\/iacs-catalysis.org\/wp-content\/uploads\/2025\/03\/silde-28-IACS-council-July-14th-2024-1024x515.jpg\" alt=\"\" class=\"wp-image-749\" srcset=\"https:\/\/iacs-catalysis.org\/wp-content\/uploads\/2025\/03\/silde-28-IACS-council-July-14th-2024-1024x515.jpg 1024w, https:\/\/iacs-catalysis.org\/wp-content\/uploads\/2025\/03\/silde-28-IACS-council-July-14th-2024-300x151.jpg 300w, https:\/\/iacs-catalysis.org\/wp-content\/uploads\/2025\/03\/silde-28-IACS-council-July-14th-2024-768x386.jpg 768w, https:\/\/iacs-catalysis.org\/wp-content\/uploads\/2025\/03\/silde-28-IACS-council-July-14th-2024-1536x772.jpg 1536w, https:\/\/iacs-catalysis.org\/wp-content\/uploads\/2025\/03\/silde-28-IACS-council-July-14th-2024-1140x573.jpg 1140w, https:\/\/iacs-catalysis.org\/wp-content\/uploads\/2025\/03\/silde-28-IACS-council-July-14th-2024.jpg 1611w\" sizes=\"auto, (max-width: 1024px) 100vw, 1024px\" \/><\/figure>\n\n\n\n<figure class=\"wp-block-gallery has-nested-images columns-default is-cropped wp-block-gallery-1 is-layout-flex wp-block-gallery-is-layout-flex\"><\/figure>\n\n\n\n<div style=\"height:50px\" aria-hidden=\"true\" class=\"wp-block-spacer\"><\/div>\n\n\n\n<h2 class=\"wp-block-heading\">Members of IACS&nbsp; and their delegates (update January 2025)<\/h2>\n\n\n\n<div style=\"height:50px\" aria-hidden=\"true\" class=\"wp-block-spacer\"><\/div>\n\n\n\n<details class=\"wp-block-details is-layout-flow wp-block-details-is-layout-flow\"><summary><strong>List of Catalysis Society Members<\/strong><\/summary>\n<ul class=\"wp-block-list\">\n<li><a href=\"https:\/\/www.sacat.com.ar\/\">Argentina<\/a> &#8211; Sociedad Argentina de Cat\u00e1lisis (SACAT)<br><\/li>\n\n\n\n<li><a href=\"https:\/\/catalysis.org.au\/\">Australia<\/a> &#8211; The Catalysis Society of Australia<br><\/li>\n\n\n\n<li>Austria<br><\/li>\n\n\n\n<li><a href=\"https:\/\/www.cgb-cbb.be\/\">Belgium<\/a><br><\/li>\n\n\n\n<li>Brazil<br><\/li>\n\n\n\n<li>Bulgaria<br><\/li>\n\n\n\n<li><a href=\"https:\/\/www.catalysisdivision.ca\/\">Canada<\/a> &#8211; The Catalysis Division of the Chemical Insitute of Canada<br><\/li>\n\n\n\n<li><a href=\"http:\/\/www.catalysis.org.cn\/\">China<\/a> &#8211; <a href=\"http:\/\/www.catalysis.org.cn\/\">The Catalysis Society of China<\/a><br><\/li>\n\n\n\n<li><a href=\"http:\/\/katalyza.cz\/\">Czech Republic<\/a> &#8211; Catalytic Group of the Czech Chemical Society<br><\/li>\n\n\n\n<li><a href=\"https:\/\/nordic-catalysis.org\/denmark\/\">Denmark<\/a><br><\/li>\n\n\n\n<li><a href=\"https:\/\/suomalaistenkemistienseura.fi\/in-english\/\">Finland<\/a> &#8211; The Finnish Catalysis Society<br><\/li>\n\n\n\n<li><a href=\"https:\/\/new.societechimiquedefrance.fr\/\">France<\/a> &#8211; DivCat, Soci\u00e9t\u00e9 Chimique de France (SCF)<br><\/li>\n\n\n\n<li><a href=\"https:\/\/dechema.de\/GeCatS.html\">Germany<\/a> &#8211; German Catalysis Societ (GeCatS)<br><\/li>\n\n\n\n<li><a href=\"https:\/\/mta.hu\/english\/scientific-sections-105963\">Hungary<\/a> &#8211; The Hungarian Catalysis Society<br><\/li>\n\n\n\n<li><a href=\"http:\/\/www.fiq.unl.edu.ar\/fisocat\/index3.htm\">Ibero-American Countries<\/a> (FISOCAT)<br><\/li>\n\n\n\n<li><a href=\"http:\/\/www.catalysisindia.org\/index.php\">India<\/a> &#8211; The Catalysis Society of India<br><\/li>\n\n\n\n<li><a href=\"https:\/\/www.chimind.it\/gic\">Italy<\/a> &#8211; Italian Catalysis Group<br><\/li>\n\n\n\n<li><a href=\"https:\/\/catsj.jp\/en\">Japan<\/a> &#8211; <a href=\"http:\/\/www.shokubai.org\/index_e.html\">The Catalysis Society of Japan<\/a><br><\/li>\n\n\n\n<li><a href=\"https:\/\/www.kiche.or.kr\/en\/activities\/divisions\">South Korea<\/a> &#8211; Korean Institute of Chemical Engineers, Division of Catalysis and Reaction Engineering<br><\/li>\n\n\n\n<li><a href=\"https:\/\/www.acat.org.mx\/\">Mexico<\/a> &#8211; Mexican Academy of Catalysis<br><\/li>\n\n\n\n<li><a href=\"http:\/\/katalyse.kncv.nl\/\">The Netherlands<\/a> &#8211; The Dutch Catalysis<br> Society<br><\/li>\n\n\n\n<li><a href=\"http:\/\/www.kjemi.no\/katalyse\/\">Norway<\/a> &#8211; The Catalysis Group of the Norwegian Chemical Society<br><\/li>\n\n\n\n<li><a href=\"http:\/\/www.ik-pan.krakow.pl\/Polski-Klub-Katalizy.288.0.html\">Poland<\/a><br><\/li>\n\n\n\n<li><a href=\"http:\/\/www.dcmp.uevora.pt\/B_English\/index.htm\">Portugal<\/a><br><\/li>\n\n\n\n<li>Romania<br><\/li>\n\n\n\n<li>Russia<br><\/li>\n\n\n\n<li><a href=\"https:\/\/www.singapore-catalysis-society.com\/\" target=\"_blank\" rel=\"noreferrer noopener\">Singapore &#8211; The Singapore Catalysis society<\/a><br><\/li>\n\n\n\n<li>Slovakia<br><\/li>\n\n\n\n<li><a href=\"http:\/\/www.chem-soc.si\">Slovenia &#8211; Slovenian Chemical Society<\/a><br><\/li>\n\n\n\n<li><a href=\"http:\/\/www.catsa.org.za\/\">South Africa<\/a><br><\/li>\n\n\n\n<li><a href=\"http:\/\/www.secat.es\/\">Spain<\/a> \u2013 Sociedad Espanola de Catalisis (SECAT)<br><\/li>\n\n\n\n<li><a href=\"http:\/\/www.nordic-catalysis.org\/swedish.htm\">Sweden Catalysis Society<\/a> <br><\/li>\n\n\n\n<li><a href=\"https:\/\/www.catal.org.tw\/?locale=en\" target=\"_blank\" rel=\"noreferrer noopener\">Catalysis Society located in Taipei, China<\/a><br><\/li>\n\n\n\n<li>Thailand &#8211; The Catalysis and Reaction Engineering Association of Thailand (CREAT)<br><\/li>\n\n\n\n<li><a href=\"http:\/\/www.katalizdernegi.org.tr\/\">Turkey<\/a><br><\/li>\n\n\n\n<li><a href=\"http:\/\/www.rsc.org\/Membership\/Networking\/InterestGroups\/SurfaceReactivity\/index.asp\">United Kingdom<\/a><br><\/li>\n\n\n\n<li><a href=\"https:\/\/nacatsoc.org\/\">The United State of America &#8211; North American Catalysis Society<\/a> (NACS)<br><\/li>\n\n\n\n<li>Venezuela<\/li>\n<\/ul>\n<\/details>\n\n\n\n<div style=\"height:50px\" aria-hidden=\"true\" class=\"wp-block-spacer\"><\/div>\n\n\n\n<details class=\"wp-block-details is-layout-flow wp-block-details-is-layout-flow\"><summary><strong>List of Delegates<\/strong><\/summary>\n<p>INTERNATIONAL ASSOCIATION OF CATALYSIS SOCIETIES (IACS)<br><br><strong>Argentina<\/strong> &#8211; Sociedad Argentina de Cat\u00e1lisis (SACAT)<br>&#8211; <em>Dr. M\u00f3nica L. Casella<\/em><br>CINDECA (Centro de Investigaci\u00f3n y Desarrollo en Ciencias Aplicadas \u00ab\u00a0Dr. Jorge J. Ronco\u00a0\u00bb) <br>(Center for Res. and Development in Applied Sciences)<br>&#8211; <em>Dr. Adri\u00e1n L. Bonivardi<\/em><br>INTEC (Instituto de Desarrollo Tecnol\u00f3gico para la Industria Qu\u00edmica) <br>(Institute of Technological Development for the Chemical Industry) <br>CONICET, Universidad del Litoral<br><br><strong>Australia<\/strong> &#8211; The Catalysis Society of Australia<br>&#8211; <em>Thomas Maschmeyer<\/em><br>Laboratory of Advanced Catalysis for Sustainability <br>School of Chemistry &#8211; F11<br>The University of Sydney NSW 2006, Australia<br>&#8211; <em>Michael Stockenhuber <\/em><br>School of Engineering Faculty of Engineering and Built Environment <br>The University of Newcastle<br>Callaghan, NSW 2308, Australia<br><br><strong>Austria<\/strong><br>&#8211; <em>Christoph Rameshan<\/em><br>Institute of Materials Chemistry Technical University <br>Vienna Getreidemarkt 9\/BC<br>A-1060 Vienna, Austria<br>&#8211; <em>G\u00fcnther Rupprechter<\/em><br>Institute of Materials Chemistry Technical University <br>Vienna Getreidemarkt 9\/BC<br>A-1060 Vienna, Austria<br><br><strong>Belgium<\/strong><br>&#8211;<em>Eric Gaigneaux<\/em><br>Universit\u00e9 catholique de Louvain (UCLouvain)<br>Institute of Condensed Matter and Nanosciences \u2013 IMCN<br>Place Louis Pasteur 1,<br>Box L4.01.09<br>B-1348 Leuven, Belgium<br><a href=\"mailto:eric.gaigneaux@uclouvain.be\">eric.gaigneaux@uclouvain.be<\/a><br>&#8211; Mark SAEYS<br>Ghent University (UGent)<br>Laboratory for Chemical Technology<br>Technologiepark 914<br>B-9052 Gent Belgium<br><a href=\"mailto:mark.saeys@ugent.be\">mark.saeys@ugent.be<\/a><br><br><strong>Brazil<\/strong><br>&#8211; <em>Katia Bernardo-Gusm\u00e3o<\/em> <br>Departamento de Qu\u00edmica Inorg\u00e2nica <br>Univ. Federal do Rio Grande do Sul <br>Porto Alegre, Brasil<br>&#8211; <em>Daniela Zanchet<\/em> <br>daniela@iqm.unicamp.br<br>Instituto de Qu\u00edmica, UNICAMP, <br>Campinas &#8211; Brasil<\/p>\n\n\n\n<p><strong>Bulgaria<\/strong><br><em>Sonia Damyanova Ivanova <\/em><br>Institute of Catalysis<br>Bulgarian Academy of Sciences Sofia, Bulgaria<br><br><strong>Canada<\/strong> &#8211; The Catalysis Division of the Chemical Insitute of Canada<br>&#8211; <em>Ying Zheng<\/em><br>Department of Chemical Engineering University of New Brunswick Fredericton, <br>New Brunswick, Canada<br>&#8211; <em>Ya-Huei (Cathy) Chin<\/em><br>Chemical Engineering &amp; Applied Chemistry <br>University of Toronto<br>Toronto, Ontario, Canada<\/p>\n\n\n\n<p><strong>China<\/strong> &#8211; The Catalysis Society of China<br>&#8211; <em>Prof. Tao Zhang<\/em><br>Dalian Institute of Chemical Physics Chinese <br>Academy of Sciences<br>457 Zhongshan Road, <br>Dalian 116023, China <br>&#8211; <em>Prof. Haichao Liu<\/em><br>College of Chemistry and Molecular <br>Engineering Peking University<br>292 Chengfu Road, Haidian District, <br>Beijing 100871, China<\/p>\n\n\n\n<p><strong>Czech Republic<\/strong> &#8211; Catalytic Group of the Czech Chemical Society<br><em>David Kubi\u010dka<\/em><br>University of Chemistry and Technology <br>Prague Technick\u00e1 5, 166 28 Praha, <br>Czech Republic<\/p>\n\n\n\n<p><strong>Denmark<\/strong><\/p>\n\n\n\n<p><strong>Finland<\/strong> &#8211; The Finnish Catalysis Society<br><em>Dmitry Murzin<\/em><br>Laboratory of Industrial Chemistry Biskopsgatan 8,<br>FIN-20500 Abo, Finland<\/p>\n\n\n\n<p><strong>France<\/strong> &#8211; DivCat, Soci\u00e9t\u00e9 Chimique de France (SCF)<br>&#8211; <em>David Farrusseng<\/em><br>CNRS-University of Lyon <br>2 avenue Albert Einstein <br>69626 Villeurbanne cedex (France)<br>&#8211; <em>H\u00e9l\u00e8ne Olivier-Bourbigou<\/em><br>IFP Energies nouvelles \u2013 Catalysis, Biocatalysis and Separation Division<br>Rond-point de l&rsquo;\u00e9changeur de Solaize &#8211; <br>BP 3 69360 Solaize &#8211; France<\/p>\n\n\n\n<p><strong>Germany<\/strong> &#8211; German Catalysis Societ (GeCatS)<br>&#8211; <em>Dieter Vogt<\/em><br>Technical University of Dortmund Faculty of Bio and Chemical Engineering Institute of Techn.Chemistry Emil-Figgestr. 66,<br>D- 44227 DORTMUND GERMANY<br>&#8211; <em>Jan-Dierk Grunwaldt<\/em><br>Karlsruhe Institute of Technology (KIT) Institute for Chemical Technology and Polymer Chemistry Engesserstr. 20, Campus South<br>D-76131 KARLSRUHE, GERMANY<\/p>\n\n\n\n<p><strong>Hungary<\/strong> &#8211; The Hungarian Catalysis Society<br>&#8211; <em>Dr. J\u00f3zsef S. Pap<\/em><br>Centre for Energy Research <br>H-1121 Budapest<br>Konkoly-Thege street 29-33, Hungary<br>&#8211; <em>Dr. Andr\u00e1s S\u00e1pi<\/em><br>Department of Applied and Environmental Chemistry, <br>University of Szeged, H-6720 Szeged<br>1 Rerrich Square, Hungary<\/p>\n\n\n\n<p><strong>Ibero-American Countries (FISOCAT)<\/strong><br>&#8211; <em>Francisco Gracia <\/em><br>Universidad de Chile<br>&#8211; <em>Victor Baldovino<\/em><br>U Nacional Santander, Colombia<\/p>\n\n\n\n<p><strong>India<\/strong> &#8211; The Catalysis Society of India<br>&#8211; <em>Raksh Vir Jasra<\/em><br>R&amp;D Centre, Reliance Industries Ltd. Vadodara <br>Manufacturing Division PO: Petrochemicals <br>Dist. Vadodara &#8211; 391 345, Gujarat, India<br>&#8211; <em>Ramesh C. Deka<\/em><br>Department of Chemical Sciences <br>Tezpur University Napaam, <br>Tezpur &#8211; 784 028, India<\/p>\n\n\n\n<p><strong>Italy<\/strong> &#8211; Italian Catalysis Group<br>&#8211; <em>Rinaldo Psaro<\/em><br>CNR &#8211; Institute of Molecular Science and Technologies <br>Via C. Golgi, 19<br>20133 MIlano, Italy<br>&#8211; <em>Leonarda Liotta<\/em><br>CNR- Institute of nanostructured materials <br>via Ugo La Malfa, 153<br>90146, Palermo (Italy)<\/p>\n\n\n\n<p><strong>Japan<\/strong> &#8211; The Catalysis Society of Japan<br>&#8211; <em>Hiromi Yamashita<\/em><br>Division of Materials and Manufacturing Science <br>Graduate School of Engineering<br>Osaka University<br>2-1 Yamadaoka, Suita,<br>Osaka, 565-0871, Japan<br>&#8211; <em>Keiichi Tomishige<\/em><br>Graduate School of Engineering, Tohoku University <br>Aoba 6-6-07, Aramaki, Aoba-ku, Sendai, <br>Miyagi 980- 8579, Japan<\/p>\n\n\n\n<p><strong>South Korea<\/strong> &#8211; Korean Institute of Chemical Engineers, Division of Catalysis and Reaction Engineering<br>&#8211; <em>Wonyong Choi<\/em><br>KENTECH Institute for Environmental &amp; Climate Technology<br>Korea Institute of Energy Technology (KENTECH), <br>Naju, Korea 58330<br>&#8211; <em>Kwan Young Lee<\/em><br>Department of Chemical &amp; Biological Engineering <br>Korea University<\/p>\n\n\n\n<p><strong>Mexico<\/strong> &#8211; Mexican Academy of Catalysis<br>&#8211;<em> Jorge No\u00e9 D\u00edaz de Le\u00f3n Hern\u00e1ndez<\/em><br>Centro de Nanociencias y Nanotecnolog\u00eda<br>Universidad Nacional Aut\u00f3noma de M\u00e9xico<br>&#8211;<em> Juan C. Fierro-Gonz\u00e1lez<\/em><br>Department of Chemical Engineering<br>Tecnol\u00f3gico Nacional de M\u00e9xico en Celaya<\/p>\n\n\n\n<p><strong>The Netherlands<\/strong><br>&#8211;<em> Prof.dr. Moniek Tromp<\/em><br>Faculty of Science and Engineering Materials Chemistry \u2014 Zernike Institute for Advanced Materials Nijenborgh 4<br>9747 AG Groningen The Netherlands<br>&#8211; <em>Bert M. Weckhuysen<\/em><br>Group of Inorganic Chemistry and Catalysis Utrecht University<br>Universiteitsweg 99<br>Room 4.82, 3584 CG Utrecht The Netherlands<\/p>\n\n\n\n<p><strong>Norway<\/strong> &#8211; The Catalysis Group of the Norwegian Chemical Society<br><em>Hilde J. Venvik<\/em><br>Department of Chemical Engineering<br>Norwegian Univ. Science and Technology (NTNU) <br>N-7491 Trondheim, Norway<\/p>\n\n\n\n<p><strong>Poland<\/strong><br>&#8211; <em>Malgorzata Witko<\/em><br>Jerzy Haber Institute of Catalysis and Surface Chemistry Polish <br>Academy of Sciences <br>Niezapominajek 8<br>30-239 Krakow, Poland<br>&#8211; <em>Piotr Kustrowski<\/em><br>Faculty of Chemistry Jagiellonian University <br>Gronostajowa 2, 30-387 Krakow, Poland<\/p>\n\n\n\n<p><strong>Portugal<\/strong><br>&#8211; <em>M\u00e1rio Manuel Quialheiro Sim\u00f5es<\/em><br>Organic Chemistry, Natural Products and Food Stuffs (QOPNA)<br>University of Aveiro Aveiro, Portugal<br>&#8211; <em>Manuel Fernando Ribeiro Pereira<\/em><br>Laboratory of Separation and Reaction Eng.-Lab.of Catalysis and Materials (LSRE-LCM)<br>Faculty of Engineering Universidade do Porto <br>Porto, Portugal<\/p>\n\n\n\n<p><strong>Romania<\/strong><br>&#8211;<em> Vasile I. Parvulescu<\/em><br>Department of Organic Chemistry Biochemistry and Catalysis <br>University of Bucharest<br>B-dul Regina Elisabeta 4-12 Bucharest, Romania<br>&#8211; <em>Simona Margareta Coman<\/em><br>Department of Organic Chemistry Biochemistry and Catalysis <br>University of Bucharest<br>B-dul Regina Elisabeta 4-12 Bucharest, Romania<\/p>\n\n\n\n<p><strong>Russia<\/strong><br>&#8211;<em> Valentin N. Parmon Boreskov<\/em><br>Institute of Catalysis <br>Russian Academy of Sciences, Siberian Branch <br>Prospekt Nauki, 5<br>63090 Novosibirsk 90, Russia<br>&#8211; <em>Alexander Yu. Stakheev<\/em><br>N. D. Zelinsky Institute of Organic Chemistry Leninsky <br>prospekt, 47,<br>119991 Moscow Russia<\/p>\n\n\n\n<p><strong>Singapore<\/strong> &#8211; The Singapore Catalysis society<br>&#8211; <em>Chen Luwei<\/em><br>Institute of Sustainability for Chemicals, Energy and Environment (ISCE2), A*STAR<br>1 Pesek Road, Jurong Island, Singapore 627833<br>&#8211; <em>Yan Ning&nbsp;<\/em><br>National University of Singapore<br>Chemical and Biomolecular Engineering<br>4 Engineering Drive 4, E5 #02-09, Singapore 117585<\/p>\n\n\n\n<p><strong>Slovakia<\/strong><br><em>Milan Kr\u00e1lik<\/em><br>Institute of Organic Chemistry, Catalysis and Petrochemistry, <br>Slovak University of Technology <br>Radlinskeho 9,<br>SK-81237 Bratislava, Slovakia<\/p>\n\n\n\n<p><strong>Slovenia &#8211; Slovenian Chemical Society<\/strong><br>&#8211; <em>Albin Pintar<\/em><br>National Institute of Chemistry in Ljubljana, Slovenia &#8211; <a href=\"mailto:albin.pintar@ki.si\">albin.pintar@ki.si<\/a><br>&#8211; <em>Natasa Novak Tusar<\/em><br>National Institute of Chemistry in Ljubljana, Slovenia &#8211; <a href=\"mailto:natasa.n.tusar@ki.si\">natasa.n.tusar@ki.si<\/a><br><br><strong>South Africa<\/strong><br>&#8211; <em>Holger Friedrich <\/em><br>University of KwaZulu-Natal Westville Campus<br>Private Bag X 54001<br>4000 Durban, South Africa<br>&#8211;<em> Nico Fisher<\/em><br>Catalysis Society of South Africa, CATSA (Chairman) <br>University of Cape Town Department of Chemical Engineering,<br>New Engineering Building on UCT&rsquo;s upper campus, <br>South Africa<\/p>\n\n\n\n<p><strong>Spain<\/strong> \u2013 Sociedad Espanola de Catalisis (SECAT)<br>&#8211; <em>Oihane Sanz Iturralde<\/em><br>POLYMAT, Applied Chemistry Department, Faculty of Chemistry<br>University of the Basque Country UPV\/EHU<br>P. Lardiz\u00e1bal 3, E-20018 Donostia-San Sebasti\u00e1n, Spain<br>&#8211; <em>Alberto Marinas<\/em><br>Dept Organic Chem., Univ. of C\u00f3rdoba,<br>Campus de Rabanales, Edificio Marie Curie (C-3) Crta. Nacional IV-A, km. 396<br>E14014-C\u00f3rdoba, Spain<\/p>\n\n\n\n<p><strong>Sweden Catalysis Society<\/strong><br>&#8211; <em>Christian Hulteberg&nbsp;<\/em><br>Lund University &#8211; <a href=\"https:\/\/portal.research.lu.se\/en\/organisations\/division-of-chemical-engineering\/\">Division of Chemical Engineering<\/a><br>Box 124<br>221 00 LUND<br>Sweden<br><a href=\"https:\/\/portal.research.lu.se\/sv\/persons\/christian-hulteberg\/#\" target=\"_blank\" rel=\"noreferrer noopener\">christian.hulteberg@ple.lth.se<\/a><br>&#8211; <em>Mathilde Luneau&nbsp;<\/em><br>Department of Chemistry and Chemical Engineering &#8211; <a href=\"https:\/\/www.chalmers.se\">Chalmers University of Technology<\/a><br>Kemig\u00e5rden 4<br>412 96 Gothenburg<br>Sweden<br><a href=\"mailto:mathilde.luneau@chalmers.se\">mathilde.luneau@chalmers.se<\/a><\/p>\n\n\n\n<p><strong>Catalysis Society located in Taipei, China<\/strong><br>&#8211; <em>Jeffrey Chi-Sheng WU,&nbsp;Distinguished Professor&nbsp;<\/em><br>Department of Chemical&nbsp;Engineering<br>National Taiwan University<br>No. 1 Sec.&nbsp;4 Roosevelt Road<br>Taipei, Taiwan 10617&nbsp;<br><a href=\"http:\/\/homepage.ntu.edu.tw\/~cswu\/professor\/englishprofessor.html\">http:\/\/homepage.ntu.edu.tw\/~cswu\/professor\/englishprofessor.html<\/a><br>&#8211;<em> Bing-Joe Hwang, Chair Professor<\/em><br>Department of Chemical Engineering<br>National Taiwan University of Science &amp; Technology<br>No. 43 Sec. 4, Keelung Road<br>Taipei, Taiwan 10607<br><a href=\"https:\/\/ntust518labfile.wixsite.com\/nanoelectrochemistry\">https:\/\/ntust518labfile.wixsite.com\/nanoelectrochemistry<\/a><\/p>\n\n\n\n<p><strong>Turkey<\/strong><br>&#8211; <em>Deniz Uner<\/em><br>Chemical Engineering Department Middle East <br>Technical University 06800, Ankara \u2013 Turkey<br>&#8211;<em> Alper Uzun<\/em><br>Department of Chemical and Biological Engineering Ko\u00e7 University<br>Rumelifeneri Yolu<br>34450 Sariyer, Istanbul, Turkey<\/p>\n\n\n\n<p><strong>United Kingdom<\/strong><br>&#8211; <em>Justin Hargreaves<\/em><br>School of Chemistry, University of Glasgow<br>RA425 Level A4, Chemistry, Joseph Black Building, <br>Glasgow G12 8QQ<br>&#8211; Haresh Manyar<br>School of Chemistry and Chemical Engineering, <br>Queen University of Belfast, David Keir Building, 39- 123 Stranmillis Rd,<br>Belfast BT9 5AG, UK<\/p>\n\n\n\n<p><strong>USA<\/strong> &#8211; North American Catalysis Society (NACS)<br>&#8211; <em>Abhaya K. Datye<\/em><br>Dept of Chemical &amp; Biological Engineering<br>Office: 1901 Redondo Dr. NE, Farris Engr. Center room 1404<br>1 University of New Mexico, MSC 01 1120<br>Albuquerque, NM 87131-0001 &#8211; USA<br>&#8211; <em>Umit Ozkan<\/em><br>The Ohio State University<br>Chemical and Biomolecular Engineering<br>151 W Woodruff Avenue<br>Columbus Ohio 43210 &#8211; USA<\/p>\n\n\n\n<p><strong>Venezuela<\/strong><br><em>Mireya Goldwasser <\/em><br>Universidad Central de Venezuela Facultad de Ciencias<br>Avenida Los Ilustres, Los Chaguaramos <br>Caracas, Venezuela<\/p>\n<\/details>\n\n\n\n<p><\/p>\n","protected":false},"excerpt":{"rendered":"<p>Members of IACS&nbsp; and their delegates (update January 2025)<\/p>\n","protected":false},"author":1,"featured_media":0,"parent":0,"menu_order":0,"comment_status":"closed","ping_status":"closed","template":"","meta":{"footnotes":""},"class_list":["post-291","page","type-page","status-publish","hentry"],"acf":[],"_links":{"self":[{"href":"https:\/\/iacs-catalysis.org\/index.php?rest_route=\/wp\/v2\/pages\/291","targetHints":{"allow":["GET"]}}],"collection":[{"href":"https:\/\/iacs-catalysis.org\/index.php?rest_route=\/wp\/v2\/pages"}],"about":[{"href":"https:\/\/iacs-catalysis.org\/index.php?rest_route=\/wp\/v2\/types\/page"}],"author":[{"embeddable":true,"href":"https:\/\/iacs-catalysis.org\/index.php?rest_route=\/wp\/v2\/users\/1"}],"replies":[{"embeddable":true,"href":"https:\/\/iacs-catalysis.org\/index.php?rest_route=%2Fwp%2Fv2%2Fcomments&post=291"}],"version-history":[{"count":116,"href":"https:\/\/iacs-catalysis.org\/index.php?rest_route=\/wp\/v2\/pages\/291\/revisions"}],"predecessor-version":[{"id":1506,"href":"https:\/\/iacs-catalysis.org\/index.php?rest_route=\/wp\/v2\/pages\/291\/revisions\/1506"}],"wp:attachment":[{"href":"https:\/\/iacs-catalysis.org\/index.php?rest_route=%2Fwp%2Fv2%2Fmedia&parent=291"}],"curies":[{"name":"wp","href":"https:\/\/api.w.org\/{rel}","templated":true}]}}