{"id":261,"date":"2025-01-23T17:25:41","date_gmt":"2025-01-23T16:25:41","guid":{"rendered":"https:\/\/iacs-catalysis.org\/?page_id=261"},"modified":"2025-03-28T11:29:52","modified_gmt":"2025-03-28T10:29:52","slug":"young-scientist-awards","status":"publish","type":"page","link":"https:\/\/iacs-catalysis.org\/?page_id=261","title":{"rendered":"Young Scientist Awards"},"content":{"rendered":"\n<figure class=\"wp-block-gallery aligncenter has-nested-images columns-default is-cropped wp-block-gallery-1 is-layout-flex wp-block-gallery-is-layout-flex\"><\/figure>\n\n\n\n<figure class=\"wp-block-table\"><table class=\"has-fixed-layout\"><tbody><tr><td class=\"has-text-align-center\" data-align=\"center\"><img decoding=\"async\" src=\"https:\/\/iacs-catalysis.org\/wp-content\/uploads\/2025\/03\/logo-award-winner.png\" alt=\"\"><br>The following nominations have been selected by the Selection Committee for the <strong>ICC2024 Young Scientists Award<\/strong>.<\/td><td class=\"has-text-align-center\" data-align=\"center\"><img decoding=\"async\" src=\"https:\/\/iacs-catalysis.org\/wp-content\/uploads\/2025\/03\/logo-award-winner-2020png.png\" alt=\"\"><br>The following nominations have been selected by the Selection Committee for the <strong>ICC2020 Young Scientists Award.<\/strong><\/td><\/tr><\/tbody><\/table><\/figure>\n\n\n\n<figure class=\"wp-block-table\"><table class=\"has-fixed-layout\"><tbody><tr><td><strong>Aubrecht <\/strong>Jaroslav Univ Chem &amp; Techn Prague<br><strong>Battiston <\/strong>Lucas Leocadio UFPR<br><strong>Bhardwaj <\/strong>Garv<br><strong>Bonati <\/strong>Luigi IIT, genova<br><strong>Cernicharo-Toledo<\/strong> Francisco ITQ \u2013 UPV Valencia<br><strong>Choi<\/strong> Yunji KAIST<br><strong>Costa <\/strong>Daniel Pereira<br><strong>Coudercy <\/strong>Christophe University of Waterloo<br><strong>D\u2019ooghe<\/strong> Lennert<br><strong>De Maron<\/strong> Jacopo UniBO<br><strong>dos Santos<\/strong> Lima Dirl\u00e9ia UFRGS<br><strong>Durin <\/strong>Gabriel MPI CEC (Germany)<br><strong>Gallegos <\/strong>Maria Victoria CINDECA, La Plata<br><strong>Galloni<\/strong> Melissa Greta UniMI<br><strong>Garc\u00eda S\u00e1nchez<\/strong> Julieth Tatiana \u00ab\u00a0Univ Ind de Santander (Colombia)<br><strong>Gomez <\/strong>Laura Alejandra Univ. Oklahoma<br><strong>Gonz\u00e1lez <\/strong>Araiza Diego Daniel UNAM (Mexico)<br><strong>Hanon <\/strong>Fanny UCLouvain<br><strong>Herrera-Beurnio<\/strong> Mar\u00eda del Carmen University of C\u00f3rdoba<br><strong>Jung <\/strong>HyeongDong Seoul Nat Univ<br><strong>Karakache <\/strong>Sabrina Bahia Universite de Sherbrooke<br><strong>Karakashkova<\/strong> Petya Ist Catal. BAS<br><strong>Kim<\/strong> Soyeon Sookmyung Univ<br><strong>LI <\/strong>Xuning DICP<br><strong>Lindenthal <\/strong>Lorenz Montanuniv. Leoben<br><strong>Machado da Silva <\/strong>Ra\u00fal Bruno ITQ \u2013 UPV Valencia<br><strong>Mali\u0161ov\u00e1 <\/strong>Miroslava Slovak Univ Techn<br><strong>Marquart <\/strong>Wijnand Univ Cape Town<br><strong>McLaren <\/strong>Fergus<br><strong>Miyazaki <\/strong>Masayoshi Tokyo Inst of Techn<br><strong>Molina-Ram\u00edrez<\/strong> Sergio University of M\u00e1laga<br><strong>Moloi <\/strong>Sanele Univ Cape Town<br><strong>Morais <\/strong>Rafael Gomes LSRE-CM<br><strong>Nakaya <\/strong>Yuki Osaka Univ<br><strong>Nasello<\/strong> Nicole Daniela PoliMI<br><strong>Ngema <\/strong>Lindokuhle Univ Cape Town<br><strong>Pampararo <\/strong>Giovanni UCLouvain<br><strong>Rozmy\u015blak <\/strong>Mateusz Adam Mickiewitcz Univ<br><strong>Sfeir <\/strong>Amanda UCCS &#8211; Lille<br><strong>Shigemoto<\/strong> Ayaka Waseda University<br><strong>Siln\u00e1 <\/strong>Zuzana Charles Univ Prague<br><strong>Tangpakonsab<\/strong> Parinya TU Wien<br><strong>Vanden <\/strong>Berg Monique North-West Univ<br><strong>Verma <\/strong>Priyanka Osaka univ. (Japan)<br><strong>Virgilio<\/strong> Emanuel INCAPE, Santa Fe<br><strong>Walkowiak<\/strong> Adrian Adam Mickiewicz University<br><strong>Wang <\/strong>Lizhuo<br><strong>Weikert <\/strong>Clara Vilela Federal Univ of Rio<br><strong>Winkler <\/strong>Philipp TU Wien<br><strong>Yatabe <\/strong>Takafumi University of Tokyo<br><strong>Zhang <\/strong>Zisheng UCLA<\/td><td>Jaroslav Aubrecht<br>Koen Wynand Bossers<br>Thomas Burger<br>Samuel Carlier<br>Karolina Cha\u0142upka<br>Roberto Fiorenza<br>Marianna Gambino<br>George Giannakakis<br>Geun-Ho Han<br>Max Huelsey<br>Satoshi Ishikawa<br>Hyun Seung Jung<br>John Keogh<br>Yongwoo Kim<br>Tom\u00e1\u0161 Ki\u0161ka<br>Takayuki Kojima<br>Samira Fatma Kurtoglu<br>Kelvin Kwok<br>Thomas Len<br>Stine Lervold<br>Li Li<br>Liliana Patr\u00edcia Lima Gon\u00e7alves,<br>Lorenz Lindenthanl<br>Zong-Hui Liu<br>Lichen Liu<br>Shida Liu<br>Hongfei Ma<br>Sinqobile V. L. Mahlaba<br>Aryane Azevedo Marciniak<br>Jim Mensah<br>Isaac Meza-Trujillo<br>Thulani Nyathi<br>Carla Alexandra Orge Fonseca<br>Mateus Freitas Paiva<br>Alessandro Piovano<br>Violetta Pospelova<br>Matthew E. Potter<br>Shaine Raseale<br>Anna Rokici\u0144ska<br>Amit Sahu<br>Ma\u0142gorzata Smoli\u0142o<br>Vera Truttmann<br>Luis Virla<br>Helena Yuan Wang<br>Jijie Wang<br>Eike Sebastian Welter<br>Shunji Xie<br>Takeharu Yoshii<br>Diego Zapater<br>Muhammad Zubair<\/td><\/tr><\/tbody><\/table><\/figure>\n","protected":false},"excerpt":{"rendered":"<p>The following nominations have been selected by the Selection Committee for the ICC2024 Young Scientists Award. The following nominations have been selected by the Selection Committee for the ICC2020 Young Scientists Award. Aubrecht Jaroslav Univ Chem &amp; Techn PragueBattiston Lucas Leocadio UFPRBhardwaj GarvBonati Luigi IIT, genovaCernicharo-Toledo Francisco ITQ \u2013 UPV ValenciaChoi Yunji KAISTCosta Daniel PereiraCoudercy Christophe University of WaterlooD\u2019ooghe LennertDe Maron Jacopo UniBOdos Santos Lima Dirl\u00e9ia UFRGSDurin Gabriel MPI CEC (Germany)Gallegos Maria Victoria CINDECA, La PlataGalloni Melissa Greta UniMIGarc\u00eda S\u00e1nchez Julieth Tatiana \u00ab\u00a0Univ Ind de Santander (Colombia)Gomez Laura Alejandra Univ. OklahomaGonz\u00e1lez Araiza Diego Daniel UNAM (Mexico)Hanon Fanny UCLouvainHerrera-Beurnio Mar\u00eda del Carmen University of C\u00f3rdobaJung HyeongDong Seoul Nat UnivKarakache Sabrina Bahia Universite de SherbrookeKarakashkova Petya Ist Catal. BASKim Soyeon Sookmyung UnivLI Xuning DICPLindenthal Lorenz Montanuniv. LeobenMachado da Silva Ra\u00fal Bruno ITQ \u2013 UPV ValenciaMali\u0161ov\u00e1 Miroslava Slovak Univ TechnMarquart Wijnand Univ Cape TownMcLaren FergusMiyazaki Masayoshi Tokyo Inst of TechnMolina-Ram\u00edrez Sergio University of M\u00e1lagaMoloi Sanele Univ Cape TownMorais Rafael Gomes LSRE-CMNakaya Yuki Osaka UnivNasello Nicole Daniela PoliMINgema Lindokuhle Univ Cape TownPampararo Giovanni UCLouvainRozmy\u015blak Mateusz Adam Mickiewitcz UnivSfeir Amanda UCCS &#8211; LilleShigemoto Ayaka Waseda UniversitySiln\u00e1 Zuzana Charles Univ PragueTangpakonsab Parinya TU WienVanden Berg Monique North-West UnivVerma Priyanka Osaka univ. (Japan)Virgilio Emanuel INCAPE, Santa FeWalkowiak Adrian Adam Mickiewicz UniversityWang LizhuoWeikert Clara Vilela Federal Univ of RioWinkler Philipp TU WienYatabe Takafumi University of TokyoZhang Zisheng UCLA Jaroslav AubrechtKoen Wynand BossersThomas BurgerSamuel CarlierKarolina Cha\u0142upkaRoberto FiorenzaMarianna GambinoGeorge GiannakakisGeun-Ho HanMax HuelseySatoshi IshikawaHyun Seung JungJohn KeoghYongwoo KimTom\u00e1\u0161 Ki\u0161kaTakayuki KojimaSamira Fatma KurtogluKelvin KwokThomas LenStine LervoldLi LiLiliana Patr\u00edcia Lima Gon\u00e7alves,Lorenz LindenthanlZong-Hui LiuLichen LiuShida LiuHongfei MaSinqobile V. L. MahlabaAryane Azevedo MarciniakJim MensahIsaac Meza-TrujilloThulani NyathiCarla Alexandra Orge FonsecaMateus Freitas PaivaAlessandro PiovanoVioletta PospelovaMatthew E. PotterShaine RasealeAnna Rokici\u0144skaAmit SahuMa\u0142gorzata Smoli\u0142oVera TruttmannLuis VirlaHelena Yuan WangJijie WangEike Sebastian WelterShunji XieTakeharu YoshiiDiego ZapaterMuhammad Zubair<\/p>\n","protected":false},"author":1,"featured_media":0,"parent":0,"menu_order":0,"comment_status":"closed","ping_status":"closed","template":"","meta":{"footnotes":""},"class_list":["post-261","page","type-page","status-publish","hentry"],"acf":[],"_links":{"self":[{"href":"https:\/\/iacs-catalysis.org\/index.php?rest_route=\/wp\/v2\/pages\/261","targetHints":{"allow":["GET"]}}],"collection":[{"href":"https:\/\/iacs-catalysis.org\/index.php?rest_route=\/wp\/v2\/pages"}],"about":[{"href":"https:\/\/iacs-catalysis.org\/index.php?rest_route=\/wp\/v2\/types\/page"}],"author":[{"embeddable":true,"href":"https:\/\/iacs-catalysis.org\/index.php?rest_route=\/wp\/v2\/users\/1"}],"replies":[{"embeddable":true,"href":"https:\/\/iacs-catalysis.org\/index.php?rest_route=%2Fwp%2Fv2%2Fcomments&post=261"}],"version-history":[{"count":12,"href":"https:\/\/iacs-catalysis.org\/index.php?rest_route=\/wp\/v2\/pages\/261\/revisions"}],"predecessor-version":[{"id":937,"href":"https:\/\/iacs-catalysis.org\/index.php?rest_route=\/wp\/v2\/pages\/261\/revisions\/937"}],"wp:attachment":[{"href":"https:\/\/iacs-catalysis.org\/index.php?rest_route=%2Fwp%2Fv2%2Fmedia&parent=261"}],"curies":[{"name":"wp","href":"https:\/\/api.w.org\/{rel}","templated":true}]}}